{"id":12,"date":"2014-10-06T19:25:27","date_gmt":"2014-10-06T17:25:27","guid":{"rendered":"http:\/\/semesterstuga.de\/?page_id=12"},"modified":"2022-07-26T19:23:06","modified_gmt":"2022-07-26T17:23:06","slug":"buchungskalender","status":"publish","type":"page","link":"http:\/\/semesterstuga.de\/?page_id=12","title":{"rendered":"Buchung"},"content":{"rendered":"<p><center><iframe style=\"width: 101%; height: 500px;\" src=\"https:\/\/www.belegungskalender.com\/kalender.php?k=3e1b8327570\" name=\"qsuche\" frameborder=\"0\"><\/iframe><\/center>&nbsp;<\/p>\n<p><strong>Hier k\u00f6nnen Sie unverbindlich den Gesamtpreis ausrechnen und anschlie\u00dfend eine verbindliche Buchungsanfrage stellen:<br \/>\n<\/strong><\/p>\n<p><center><iframe style=\"width: 100%; height: 1020px;\" src=\"https:\/\/www.belegungskalender.com\/buchung327570-0.html\" name=\"buchung327570\" frameborder=\"0\"><\/iframe><\/center><br \/>\nBitte beachten Sie hinsichtlich der Buchung auch unsere <a href=\"http:\/\/semesterstuga.de\/?page_id=356\">Datenschutzerkl\u00e4rung<\/a>.<\/p>\n","protected":false},"excerpt":{"rendered":"<p>&nbsp; Hier k\u00f6nnen Sie unverbindlich den Gesamtpreis ausrechnen und anschlie\u00dfend eine verbindliche Buchungsanfrage stellen: Bitte beachten Sie hinsichtlich der Buchung auch unsere Datenschutzerkl\u00e4rung.<\/p>\n","protected":false},"author":1,"featured_media":301,"parent":0,"menu_order":0,"comment_status":"closed","ping_status":"closed","template":"","meta":{"footnotes":""},"class_list":["post-12","page","type-page","status-publish","has-post-thumbnail","hentry"],"yoast_head":"<!-- This site is optimized with the Yoast SEO plugin v26.6 - https:\/\/yoast.com\/wordpress\/plugins\/seo\/ -->\n<title>Buchung - Semester i Sverige<\/title>\n<meta name=\"robots\" content=\"index, follow, max-snippet:-1, max-image-preview:large, max-video-preview:-1\" \/>\n<link rel=\"canonical\" href=\"http:\/\/semesterstuga.de\/?page_id=12\" \/>\n<meta property=\"og:locale\" content=\"de_DE\" \/>\n<meta property=\"og:type\" content=\"article\" \/>\n<meta property=\"og:title\" content=\"Buchung - Semester i Sverige\" \/>\n<meta property=\"og:description\" content=\"&nbsp; Hier k\u00f6nnen Sie unverbindlich den Gesamtpreis ausrechnen und anschlie\u00dfend eine verbindliche Buchungsanfrage stellen: Bitte beachten Sie hinsichtlich der Buchung auch unsere Datenschutzerkl\u00e4rung.\" \/>\n<meta property=\"og:url\" content=\"http:\/\/semesterstuga.de\/?page_id=12\" \/>\n<meta property=\"og:site_name\" content=\"Semester i Sverige\" \/>\n<meta property=\"article:publisher\" content=\"http:\/\/facebook.se\/semesterstuga\" \/>\n<meta property=\"article:modified_time\" content=\"2022-07-26T17:23:06+00:00\" \/>\n<meta property=\"og:image\" content=\"http:\/\/semesterstuga.de\/wp-content\/uploads\/2014\/10\/S-199.jpg\" \/>\n\t<meta property=\"og:image:width\" content=\"968\" \/>\n\t<meta property=\"og:image:height\" content=\"726\" \/>\n\t<meta property=\"og:image:type\" content=\"image\/jpeg\" \/>\n<script type=\"application\/ld+json\" class=\"yoast-schema-graph\">{\"@context\":\"https:\/\/schema.org\",\"@graph\":[{\"@type\":\"WebPage\",\"@id\":\"http:\/\/semesterstuga.de\/?page_id=12\",\"url\":\"http:\/\/semesterstuga.de\/?page_id=12\",\"name\":\"Buchung - Semester i Sverige\",\"isPartOf\":{\"@id\":\"http:\/\/semesterstuga.de\/#website\"},\"primaryImageOfPage\":{\"@id\":\"http:\/\/semesterstuga.de\/?page_id=12#primaryimage\"},\"image\":{\"@id\":\"http:\/\/semesterstuga.de\/?page_id=12#primaryimage\"},\"thumbnailUrl\":\"http:\/\/semesterstuga.de\/wp-content\/uploads\/2014\/10\/S-199.jpg\",\"datePublished\":\"2014-10-06T17:25:27+00:00\",\"dateModified\":\"2022-07-26T17:23:06+00:00\",\"breadcrumb\":{\"@id\":\"http:\/\/semesterstuga.de\/?page_id=12#breadcrumb\"},\"inLanguage\":\"de\",\"potentialAction\":[{\"@type\":\"ReadAction\",\"target\":[\"http:\/\/semesterstuga.de\/?page_id=12\"]}]},{\"@type\":\"ImageObject\",\"inLanguage\":\"de\",\"@id\":\"http:\/\/semesterstuga.de\/?page_id=12#primaryimage\",\"url\":\"http:\/\/semesterstuga.de\/wp-content\/uploads\/2014\/10\/S-199.jpg\",\"contentUrl\":\"http:\/\/semesterstuga.de\/wp-content\/uploads\/2014\/10\/S-199.jpg\",\"width\":968,\"height\":726},{\"@type\":\"BreadcrumbList\",\"@id\":\"http:\/\/semesterstuga.de\/?page_id=12#breadcrumb\",\"itemListElement\":[{\"@type\":\"ListItem\",\"position\":1,\"name\":\"Home\",\"item\":\"http:\/\/semesterstuga.de\/\"},{\"@type\":\"ListItem\",\"position\":2,\"name\":\"Buchung\"}]},{\"@type\":\"WebSite\",\"@id\":\"http:\/\/semesterstuga.de\/#website\",\"url\":\"http:\/\/semesterstuga.de\/\",\"name\":\"Semester i Sverige\",\"description\":\"Urlaub in Schweden\",\"potentialAction\":[{\"@type\":\"SearchAction\",\"target\":{\"@type\":\"EntryPoint\",\"urlTemplate\":\"http:\/\/semesterstuga.de\/?s={search_term_string}\"},\"query-input\":{\"@type\":\"PropertyValueSpecification\",\"valueRequired\":true,\"valueName\":\"search_term_string\"}}],\"inLanguage\":\"de\"}]}<\/script>\n<!-- \/ Yoast SEO plugin. -->","yoast_head_json":{"title":"Buchung - Semester i Sverige","robots":{"index":"index","follow":"follow","max-snippet":"max-snippet:-1","max-image-preview":"max-image-preview:large","max-video-preview":"max-video-preview:-1"},"canonical":"http:\/\/semesterstuga.de\/?page_id=12","og_locale":"de_DE","og_type":"article","og_title":"Buchung - Semester i Sverige","og_description":"&nbsp; Hier k\u00f6nnen Sie unverbindlich den Gesamtpreis ausrechnen und anschlie\u00dfend eine verbindliche Buchungsanfrage stellen: Bitte beachten Sie hinsichtlich der Buchung auch unsere Datenschutzerkl\u00e4rung.","og_url":"http:\/\/semesterstuga.de\/?page_id=12","og_site_name":"Semester i Sverige","article_publisher":"http:\/\/facebook.se\/semesterstuga","article_modified_time":"2022-07-26T17:23:06+00:00","og_image":[{"width":968,"height":726,"url":"http:\/\/semesterstuga.de\/wp-content\/uploads\/2014\/10\/S-199.jpg","type":"image\/jpeg"}],"schema":{"@context":"https:\/\/schema.org","@graph":[{"@type":"WebPage","@id":"http:\/\/semesterstuga.de\/?page_id=12","url":"http:\/\/semesterstuga.de\/?page_id=12","name":"Buchung - Semester i Sverige","isPartOf":{"@id":"http:\/\/semesterstuga.de\/#website"},"primaryImageOfPage":{"@id":"http:\/\/semesterstuga.de\/?page_id=12#primaryimage"},"image":{"@id":"http:\/\/semesterstuga.de\/?page_id=12#primaryimage"},"thumbnailUrl":"http:\/\/semesterstuga.de\/wp-content\/uploads\/2014\/10\/S-199.jpg","datePublished":"2014-10-06T17:25:27+00:00","dateModified":"2022-07-26T17:23:06+00:00","breadcrumb":{"@id":"http:\/\/semesterstuga.de\/?page_id=12#breadcrumb"},"inLanguage":"de","potentialAction":[{"@type":"ReadAction","target":["http:\/\/semesterstuga.de\/?page_id=12"]}]},{"@type":"ImageObject","inLanguage":"de","@id":"http:\/\/semesterstuga.de\/?page_id=12#primaryimage","url":"http:\/\/semesterstuga.de\/wp-content\/uploads\/2014\/10\/S-199.jpg","contentUrl":"http:\/\/semesterstuga.de\/wp-content\/uploads\/2014\/10\/S-199.jpg","width":968,"height":726},{"@type":"BreadcrumbList","@id":"http:\/\/semesterstuga.de\/?page_id=12#breadcrumb","itemListElement":[{"@type":"ListItem","position":1,"name":"Home","item":"http:\/\/semesterstuga.de\/"},{"@type":"ListItem","position":2,"name":"Buchung"}]},{"@type":"WebSite","@id":"http:\/\/semesterstuga.de\/#website","url":"http:\/\/semesterstuga.de\/","name":"Semester i Sverige","description":"Urlaub in Schweden","potentialAction":[{"@type":"SearchAction","target":{"@type":"EntryPoint","urlTemplate":"http:\/\/semesterstuga.de\/?s={search_term_string}"},"query-input":{"@type":"PropertyValueSpecification","valueRequired":true,"valueName":"search_term_string"}}],"inLanguage":"de"}]}},"_links":{"self":[{"href":"http:\/\/semesterstuga.de\/index.php?rest_route=\/wp\/v2\/pages\/12","targetHints":{"allow":["GET"]}}],"collection":[{"href":"http:\/\/semesterstuga.de\/index.php?rest_route=\/wp\/v2\/pages"}],"about":[{"href":"http:\/\/semesterstuga.de\/index.php?rest_route=\/wp\/v2\/types\/page"}],"author":[{"embeddable":true,"href":"http:\/\/semesterstuga.de\/index.php?rest_route=\/wp\/v2\/users\/1"}],"replies":[{"embeddable":true,"href":"http:\/\/semesterstuga.de\/index.php?rest_route=%2Fwp%2Fv2%2Fcomments&post=12"}],"version-history":[{"count":28,"href":"http:\/\/semesterstuga.de\/index.php?rest_route=\/wp\/v2\/pages\/12\/revisions"}],"predecessor-version":[{"id":1181,"href":"http:\/\/semesterstuga.de\/index.php?rest_route=\/wp\/v2\/pages\/12\/revisions\/1181"}],"wp:featuredmedia":[{"embeddable":true,"href":"http:\/\/semesterstuga.de\/index.php?rest_route=\/wp\/v2\/media\/301"}],"wp:attachment":[{"href":"http:\/\/semesterstuga.de\/index.php?rest_route=%2Fwp%2Fv2%2Fmedia&parent=12"}],"curies":[{"name":"wp","href":"https:\/\/api.w.org\/{rel}","templated":true}]}}