{"id":18,"date":"2014-10-06T19:25:48","date_gmt":"2014-10-06T17:25:48","guid":{"rendered":"http:\/\/semesterstuga.de\/?page_id=18"},"modified":"2026-01-01T18:08:41","modified_gmt":"2026-01-01T16:08:41","slug":"saisonplan","status":"publish","type":"page","link":"http:\/\/semesterstuga.de\/?page_id=18","title":{"rendered":"Saisonplan und Preise"},"content":{"rendered":"<p><iframe loading=\"lazy\" src=\"https:\/\/www.belegungskalender.com\/saisonplan\/?key=32417410348\" width=\"530\" height=\"550\" frameborder=\"0\" marginwidth=\"2\" marginheight=\"2\"><span style=\"display: inline-block; width: 0px; overflow: hidden; line-height: 0;\" data-mce-type=\"bookmark\" class=\"mce_SELRES_start\">\ufeff<\/span><span style=\"display: inline-block; width: 0px; overflow: hidden; line-height: 0;\" data-mce-type=\"bookmark\" class=\"mce_SELRES_start\">\ufeff<\/span><\/iframe><\/p>\n<p><strong>Preise je Saison <\/strong><br \/>\n<strong>A<\/strong> 987,00 EUR\/Woche oder 141,00 EUR\/Nacht<br \/>\n<strong>B<\/strong> 875,00 EUR\/Woche oder 125,00 EUR\/Nacht<br \/>\n<strong>C<\/strong> 756,00 EUR\/Woche oder 108,00 EUR\/Nacht<br \/>\n<strong>D<\/strong> 630,00 EUR\/Woche oder\u00a0 90,00 EUR\/Nacht<\/p>\n<p>Maximalbelegung: 6 Personen<br \/>\nMindestbuchungsdauer: 4 N\u00e4chte<br \/>\nKurzzeitzuschlag bei weniger als 5 N\u00e4chten: 60,00 \u20ac.<\/p>\n<p>Kinder bis zum vollendeten 13. Lebensjahr erhalten bei Begleitung von Erwachsenen Rabatt.<\/p>\n<p><strong>Inklusive<\/strong><br \/>\n&#8211; Wasserverbrauch<br \/>\n&#8211; Feuerholz<br \/>\n&#8211; Internet<\/p>\n<p><strong>Exklusive<\/strong><br \/>\n&#8211; Strom: 4,60 SEK\/kWh &#8211;<em> \u00fcbrigens <strong><span style=\"color: #339966;\">100% \u00d6ko-Strom<\/span><\/strong> ohne Mehrkosten f\u00fcr Sie als Mieter<\/em><br \/>\n&#8211; Endreinigung (obligatorisch): 950,00 SEK<br \/>\n&#8211; Kinderreisebett mit Matratze: 20,00 EUR pro Aufenthalt<\/p>\n<p>&nbsp;<\/p>\n<p><strong>Paar-Rabatt<\/strong><br \/>\nSie sind frisch verliebt oder m\u00f6chten Ihre Liebe mal wieder neu beleben?<br \/>\nWir helfen Ihnen dabei: Mit unserem &#8222;Paar-Rabatt&#8220; sparen Sie 10% bei der Miete. Erleben Sie einen herzlichen Urlaub zu zweit und genie\u00dfen Sie gemeinsam bezaubernde Sonnenauf- und unterg\u00e4nge in Schweden (<em>Rabatt gilt nat\u00fcrlich auch f\u00fcr alleinreisende Singles<\/em>).<\/p>\n<p>&nbsp;<\/p>\n","protected":false},"excerpt":{"rendered":"<p>\ufeff\ufeff Preise je Saison A 987,00 EUR\/Woche oder 141,00 EUR\/Nacht B 875,00 EUR\/Woche oder 125,00 EUR\/Nacht C 756,00 EUR\/Woche oder 108,00 EUR\/Nacht D 630,00 EUR\/Woche oder\u00a0 90,00 EUR\/Nacht Maximalbelegung: 6 Personen Mindestbuchungsdauer: 4 N\u00e4chte Kurzzeitzuschlag bei weniger als 5 N\u00e4chten: 60,00 \u20ac. Kinder bis zum vollendeten 13. Lebensjahr erhalten bei Begleitung von Erwachsenen Rabatt. Inklusive&hellip;<\/p>\n","protected":false},"author":1,"featured_media":0,"parent":0,"menu_order":0,"comment_status":"closed","ping_status":"closed","template":"","meta":{"footnotes":""},"class_list":["post-18","page","type-page","status-publish","hentry"],"yoast_head":"<!-- This site is optimized with the Yoast SEO plugin v26.6 - https:\/\/yoast.com\/wordpress\/plugins\/seo\/ -->\n<title>Saisonplan und Preise - Semester i Sverige<\/title>\n<meta name=\"robots\" content=\"index, follow, max-snippet:-1, max-image-preview:large, max-video-preview:-1\" \/>\n<link rel=\"canonical\" href=\"http:\/\/semesterstuga.de\/?page_id=18\" \/>\n<meta property=\"og:locale\" content=\"de_DE\" \/>\n<meta property=\"og:type\" content=\"article\" \/>\n<meta property=\"og:title\" content=\"Saisonplan und Preise - Semester i Sverige\" \/>\n<meta property=\"og:description\" content=\"\ufeff\ufeff Preise je Saison A 987,00 EUR\/Woche oder 141,00 EUR\/Nacht B 875,00 EUR\/Woche oder 125,00 EUR\/Nacht C 756,00 EUR\/Woche oder 108,00 EUR\/Nacht D 630,00 EUR\/Woche oder\u00a0 90,00 EUR\/Nacht Maximalbelegung: 6 Personen Mindestbuchungsdauer: 4 N\u00e4chte Kurzzeitzuschlag bei weniger als 5 N\u00e4chten: 60,00 \u20ac. Kinder bis zum vollendeten 13. Lebensjahr erhalten bei Begleitung von Erwachsenen Rabatt. Inklusive&hellip;\" \/>\n<meta property=\"og:url\" content=\"http:\/\/semesterstuga.de\/?page_id=18\" \/>\n<meta property=\"og:site_name\" content=\"Semester i Sverige\" \/>\n<meta property=\"article:publisher\" content=\"http:\/\/facebook.se\/semesterstuga\" \/>\n<meta property=\"article:modified_time\" content=\"2026-01-01T16:08:41+00:00\" \/>\n<meta name=\"twitter:label1\" content=\"Gesch\u00e4tzte Lesezeit\" \/>\n\t<meta name=\"twitter:data1\" content=\"1\u00a0Minute\" \/>\n<script type=\"application\/ld+json\" class=\"yoast-schema-graph\">{\"@context\":\"https:\/\/schema.org\",\"@graph\":[{\"@type\":\"WebPage\",\"@id\":\"http:\/\/semesterstuga.de\/?page_id=18\",\"url\":\"http:\/\/semesterstuga.de\/?page_id=18\",\"name\":\"Saisonplan und Preise - Semester i Sverige\",\"isPartOf\":{\"@id\":\"http:\/\/semesterstuga.de\/#website\"},\"datePublished\":\"2014-10-06T17:25:48+00:00\",\"dateModified\":\"2026-01-01T16:08:41+00:00\",\"breadcrumb\":{\"@id\":\"http:\/\/semesterstuga.de\/?page_id=18#breadcrumb\"},\"inLanguage\":\"de\",\"potentialAction\":[{\"@type\":\"ReadAction\",\"target\":[\"http:\/\/semesterstuga.de\/?page_id=18\"]}]},{\"@type\":\"BreadcrumbList\",\"@id\":\"http:\/\/semesterstuga.de\/?page_id=18#breadcrumb\",\"itemListElement\":[{\"@type\":\"ListItem\",\"position\":1,\"name\":\"Home\",\"item\":\"http:\/\/semesterstuga.de\/\"},{\"@type\":\"ListItem\",\"position\":2,\"name\":\"Saisonplan und Preise\"}]},{\"@type\":\"WebSite\",\"@id\":\"http:\/\/semesterstuga.de\/#website\",\"url\":\"http:\/\/semesterstuga.de\/\",\"name\":\"Semester i Sverige\",\"description\":\"Urlaub in Schweden\",\"potentialAction\":[{\"@type\":\"SearchAction\",\"target\":{\"@type\":\"EntryPoint\",\"urlTemplate\":\"http:\/\/semesterstuga.de\/?s={search_term_string}\"},\"query-input\":{\"@type\":\"PropertyValueSpecification\",\"valueRequired\":true,\"valueName\":\"search_term_string\"}}],\"inLanguage\":\"de\"}]}<\/script>\n<!-- \/ Yoast SEO plugin. -->","yoast_head_json":{"title":"Saisonplan und Preise - Semester i Sverige","robots":{"index":"index","follow":"follow","max-snippet":"max-snippet:-1","max-image-preview":"max-image-preview:large","max-video-preview":"max-video-preview:-1"},"canonical":"http:\/\/semesterstuga.de\/?page_id=18","og_locale":"de_DE","og_type":"article","og_title":"Saisonplan und Preise - Semester i Sverige","og_description":"\ufeff\ufeff Preise je Saison A 987,00 EUR\/Woche oder 141,00 EUR\/Nacht B 875,00 EUR\/Woche oder 125,00 EUR\/Nacht C 756,00 EUR\/Woche oder 108,00 EUR\/Nacht D 630,00 EUR\/Woche oder\u00a0 90,00 EUR\/Nacht Maximalbelegung: 6 Personen Mindestbuchungsdauer: 4 N\u00e4chte Kurzzeitzuschlag bei weniger als 5 N\u00e4chten: 60,00 \u20ac. Kinder bis zum vollendeten 13. Lebensjahr erhalten bei Begleitung von Erwachsenen Rabatt. Inklusive&hellip;","og_url":"http:\/\/semesterstuga.de\/?page_id=18","og_site_name":"Semester i Sverige","article_publisher":"http:\/\/facebook.se\/semesterstuga","article_modified_time":"2026-01-01T16:08:41+00:00","twitter_misc":{"Gesch\u00e4tzte Lesezeit":"1\u00a0Minute"},"schema":{"@context":"https:\/\/schema.org","@graph":[{"@type":"WebPage","@id":"http:\/\/semesterstuga.de\/?page_id=18","url":"http:\/\/semesterstuga.de\/?page_id=18","name":"Saisonplan und Preise - Semester i Sverige","isPartOf":{"@id":"http:\/\/semesterstuga.de\/#website"},"datePublished":"2014-10-06T17:25:48+00:00","dateModified":"2026-01-01T16:08:41+00:00","breadcrumb":{"@id":"http:\/\/semesterstuga.de\/?page_id=18#breadcrumb"},"inLanguage":"de","potentialAction":[{"@type":"ReadAction","target":["http:\/\/semesterstuga.de\/?page_id=18"]}]},{"@type":"BreadcrumbList","@id":"http:\/\/semesterstuga.de\/?page_id=18#breadcrumb","itemListElement":[{"@type":"ListItem","position":1,"name":"Home","item":"http:\/\/semesterstuga.de\/"},{"@type":"ListItem","position":2,"name":"Saisonplan und Preise"}]},{"@type":"WebSite","@id":"http:\/\/semesterstuga.de\/#website","url":"http:\/\/semesterstuga.de\/","name":"Semester i Sverige","description":"Urlaub in Schweden","potentialAction":[{"@type":"SearchAction","target":{"@type":"EntryPoint","urlTemplate":"http:\/\/semesterstuga.de\/?s={search_term_string}"},"query-input":{"@type":"PropertyValueSpecification","valueRequired":true,"valueName":"search_term_string"}}],"inLanguage":"de"}]}},"_links":{"self":[{"href":"http:\/\/semesterstuga.de\/index.php?rest_route=\/wp\/v2\/pages\/18","targetHints":{"allow":["GET"]}}],"collection":[{"href":"http:\/\/semesterstuga.de\/index.php?rest_route=\/wp\/v2\/pages"}],"about":[{"href":"http:\/\/semesterstuga.de\/index.php?rest_route=\/wp\/v2\/types\/page"}],"author":[{"embeddable":true,"href":"http:\/\/semesterstuga.de\/index.php?rest_route=\/wp\/v2\/users\/1"}],"replies":[{"embeddable":true,"href":"http:\/\/semesterstuga.de\/index.php?rest_route=%2Fwp%2Fv2%2Fcomments&post=18"}],"version-history":[{"count":80,"href":"http:\/\/semesterstuga.de\/index.php?rest_route=\/wp\/v2\/pages\/18\/revisions"}],"predecessor-version":[{"id":1318,"href":"http:\/\/semesterstuga.de\/index.php?rest_route=\/wp\/v2\/pages\/18\/revisions\/1318"}],"wp:attachment":[{"href":"http:\/\/semesterstuga.de\/index.php?rest_route=%2Fwp%2Fv2%2Fmedia&parent=18"}],"curies":[{"name":"wp","href":"https:\/\/api.w.org\/{rel}","templated":true}]}}