{"id":20,"date":"2014-10-06T19:25:55","date_gmt":"2014-10-06T17:25:55","guid":{"rendered":"http:\/\/semesterstuga.de\/?page_id=20"},"modified":"2025-12-30T21:22:15","modified_gmt":"2025-12-30T19:22:15","slug":"mietkonditionen","status":"publish","type":"page","link":"http:\/\/semesterstuga.de\/?page_id=20","title":{"rendered":"Mietkonditionen"},"content":{"rendered":"<p>Am <strong>Anreisetag<\/strong> steht Euch das Haus ab sp\u00e4testens 15.30 Uhr zur Verf\u00fcgung. Die <strong>Abreise<\/strong> erfolgt bis sp\u00e4testens 10.00 Uhr.<\/p>\n<p><strong>Vor, w\u00e4hrend und nach Eurem Aufenthalt <\/strong>sind wir <strong>stets f\u00fcr Euch<\/strong> erreichbar.<\/p>\n<p><strong>Bettw\u00e4sche und Handt\u00fccher<\/strong> sind bitte selbst mitzubringen.<\/p>\n<p>Die <strong>Endreinigung<\/strong> ist obligatorisch mit zu beauftragen. Das Haus ist mindestens besenrein zu \u00fcbergeben.<\/p>\n<p>Unser Ferienhaus ist f\u00fcr <strong>Haustiere<\/strong> nicht geeignet.<\/p>\n<p>Das Haus ist <span class=\"st\"><strong>allergikerfreundlich<\/strong> f\u00fcr G\u00e4ste mit Hausstaub- und Milbenallergien<\/span> eingerichtet.<\/p>\n<p>Es handelt sich bei diesem Ferienhaus um ein <strong>rauchfreies Haus<\/strong>. Das gilt auch f\u00fcr E-Zigaretten oder \u00e4hnliches. Selbstverst\u00e4ndlich ist das Rauchen drau\u00dfen &#8211; vor der Haust\u00fcr auch \u00fcberdacht &#8211; m\u00f6glich.<\/p>\n<p>F\u00fcr die Dauer Eures Aufenthalts wird eine <strong>Kaution<\/strong> in H\u00f6he von 160,00 EUR erhoben. Ihr erhaltet diese selbstverst\u00e4ndlich mit der Endabrechnung und bei einwandfreier R\u00fcckgabe zeitnah zur\u00fcck.<\/p>\n<p><span class=\"st\">An <strong>Jugend- und Schulgruppen<\/strong> (alle Personen unter 25 Jahre) wird das Haus nicht vermietet.<br \/>\n<\/span><\/p>\n<p>Zu Eurer eigenen Sicherheit empfehlen wir Euch den Abschluss einer <strong>Reise-R\u00fccktrittskosten-Versicherung<\/strong> (RRV). Pr\u00fcft am Besten vorher, ob beispielsweise Eure Kreditkarte bereits ein entsprechendes Angebot inkludiert hat.<br \/>\nEine RRV erhaltet Ihr beispielsweise bei der <a title=\"HanseMerkur\" href=\"https:\/\/www.hansemerkur.de\/reiseruecktrittsversicherung\" target=\"_blank\" rel=\"noopener noreferrer\">HanseMerkur<\/a>. Hier k\u00f6nnt Ihr zus\u00e4tzlich f\u00fcr eine geringe Zuzahlung auch eine Urlaubsgarantie abschlie\u00dfen (tritt ein bei Reiseabbruch).<\/p>\n<p>Die <a href=\"http:\/\/semesterstuga.de\/?page_id=717\"><strong>Mietbedingungen<\/strong><\/a> stellen im Wesentlichen eine <strong>Hausordnung<\/strong> dar und sind Grundlage einer jeder Buchung.<\/p>\n","protected":false},"excerpt":{"rendered":"<p>Am Anreisetag steht Euch das Haus ab sp\u00e4testens 15.30 Uhr zur Verf\u00fcgung. Die Abreise erfolgt bis sp\u00e4testens 10.00 Uhr. Vor, w\u00e4hrend und nach Eurem Aufenthalt sind wir stets f\u00fcr Euch erreichbar. Bettw\u00e4sche und Handt\u00fccher sind bitte selbst mitzubringen. Die Endreinigung ist obligatorisch mit zu beauftragen. Das Haus ist mindestens besenrein zu \u00fcbergeben. Unser Ferienhaus ist&hellip;<\/p>\n","protected":false},"author":1,"featured_media":305,"parent":0,"menu_order":0,"comment_status":"closed","ping_status":"closed","template":"","meta":{"footnotes":""},"class_list":["post-20","page","type-page","status-publish","has-post-thumbnail","hentry"],"yoast_head":"<!-- This site is optimized with the Yoast SEO plugin v26.6 - https:\/\/yoast.com\/wordpress\/plugins\/seo\/ -->\n<title>Mietkonditionen - Semester i Sverige<\/title>\n<meta name=\"robots\" content=\"index, follow, max-snippet:-1, max-image-preview:large, max-video-preview:-1\" \/>\n<link rel=\"canonical\" href=\"http:\/\/semesterstuga.de\/?page_id=20\" \/>\n<meta property=\"og:locale\" content=\"de_DE\" \/>\n<meta property=\"og:type\" content=\"article\" \/>\n<meta property=\"og:title\" content=\"Mietkonditionen - Semester i Sverige\" \/>\n<meta property=\"og:description\" content=\"Am Anreisetag steht Euch das Haus ab sp\u00e4testens 15.30 Uhr zur Verf\u00fcgung. Die Abreise erfolgt bis sp\u00e4testens 10.00 Uhr. Vor, w\u00e4hrend und nach Eurem Aufenthalt sind wir stets f\u00fcr Euch erreichbar. Bettw\u00e4sche und Handt\u00fccher sind bitte selbst mitzubringen. Die Endreinigung ist obligatorisch mit zu beauftragen. Das Haus ist mindestens besenrein zu \u00fcbergeben. Unser Ferienhaus ist&hellip;\" \/>\n<meta property=\"og:url\" content=\"http:\/\/semesterstuga.de\/?page_id=20\" \/>\n<meta property=\"og:site_name\" content=\"Semester i Sverige\" \/>\n<meta property=\"article:publisher\" content=\"http:\/\/facebook.se\/semesterstuga\" \/>\n<meta property=\"article:modified_time\" content=\"2025-12-30T19:22:15+00:00\" \/>\n<meta property=\"og:image\" content=\"http:\/\/semesterstuga.de\/wp-content\/uploads\/2014\/10\/DSC_0640.jpg\" \/>\n\t<meta property=\"og:image:width\" content=\"968\" \/>\n\t<meta property=\"og:image:height\" content=\"648\" \/>\n\t<meta property=\"og:image:type\" content=\"image\/jpeg\" \/>\n<meta name=\"twitter:label1\" content=\"Gesch\u00e4tzte Lesezeit\" \/>\n\t<meta name=\"twitter:data1\" content=\"2\u00a0Minuten\" \/>\n<script type=\"application\/ld+json\" class=\"yoast-schema-graph\">{\"@context\":\"https:\/\/schema.org\",\"@graph\":[{\"@type\":\"WebPage\",\"@id\":\"http:\/\/semesterstuga.de\/?page_id=20\",\"url\":\"http:\/\/semesterstuga.de\/?page_id=20\",\"name\":\"Mietkonditionen - Semester i Sverige\",\"isPartOf\":{\"@id\":\"http:\/\/semesterstuga.de\/#website\"},\"primaryImageOfPage\":{\"@id\":\"http:\/\/semesterstuga.de\/?page_id=20#primaryimage\"},\"image\":{\"@id\":\"http:\/\/semesterstuga.de\/?page_id=20#primaryimage\"},\"thumbnailUrl\":\"http:\/\/semesterstuga.de\/wp-content\/uploads\/2014\/10\/DSC_0640.jpg\",\"datePublished\":\"2014-10-06T17:25:55+00:00\",\"dateModified\":\"2025-12-30T19:22:15+00:00\",\"breadcrumb\":{\"@id\":\"http:\/\/semesterstuga.de\/?page_id=20#breadcrumb\"},\"inLanguage\":\"de\",\"potentialAction\":[{\"@type\":\"ReadAction\",\"target\":[\"http:\/\/semesterstuga.de\/?page_id=20\"]}]},{\"@type\":\"ImageObject\",\"inLanguage\":\"de\",\"@id\":\"http:\/\/semesterstuga.de\/?page_id=20#primaryimage\",\"url\":\"http:\/\/semesterstuga.de\/wp-content\/uploads\/2014\/10\/DSC_0640.jpg\",\"contentUrl\":\"http:\/\/semesterstuga.de\/wp-content\/uploads\/2014\/10\/DSC_0640.jpg\",\"width\":968,\"height\":648},{\"@type\":\"BreadcrumbList\",\"@id\":\"http:\/\/semesterstuga.de\/?page_id=20#breadcrumb\",\"itemListElement\":[{\"@type\":\"ListItem\",\"position\":1,\"name\":\"Home\",\"item\":\"http:\/\/semesterstuga.de\/\"},{\"@type\":\"ListItem\",\"position\":2,\"name\":\"Mietkonditionen\"}]},{\"@type\":\"WebSite\",\"@id\":\"http:\/\/semesterstuga.de\/#website\",\"url\":\"http:\/\/semesterstuga.de\/\",\"name\":\"Semester i Sverige\",\"description\":\"Urlaub in Schweden\",\"potentialAction\":[{\"@type\":\"SearchAction\",\"target\":{\"@type\":\"EntryPoint\",\"urlTemplate\":\"http:\/\/semesterstuga.de\/?s={search_term_string}\"},\"query-input\":{\"@type\":\"PropertyValueSpecification\",\"valueRequired\":true,\"valueName\":\"search_term_string\"}}],\"inLanguage\":\"de\"}]}<\/script>\n<!-- \/ Yoast SEO plugin. -->","yoast_head_json":{"title":"Mietkonditionen - Semester i Sverige","robots":{"index":"index","follow":"follow","max-snippet":"max-snippet:-1","max-image-preview":"max-image-preview:large","max-video-preview":"max-video-preview:-1"},"canonical":"http:\/\/semesterstuga.de\/?page_id=20","og_locale":"de_DE","og_type":"article","og_title":"Mietkonditionen - Semester i Sverige","og_description":"Am Anreisetag steht Euch das Haus ab sp\u00e4testens 15.30 Uhr zur Verf\u00fcgung. Die Abreise erfolgt bis sp\u00e4testens 10.00 Uhr. Vor, w\u00e4hrend und nach Eurem Aufenthalt sind wir stets f\u00fcr Euch erreichbar. Bettw\u00e4sche und Handt\u00fccher sind bitte selbst mitzubringen. Die Endreinigung ist obligatorisch mit zu beauftragen. Das Haus ist mindestens besenrein zu \u00fcbergeben. Unser Ferienhaus ist&hellip;","og_url":"http:\/\/semesterstuga.de\/?page_id=20","og_site_name":"Semester i Sverige","article_publisher":"http:\/\/facebook.se\/semesterstuga","article_modified_time":"2025-12-30T19:22:15+00:00","og_image":[{"width":968,"height":648,"url":"http:\/\/semesterstuga.de\/wp-content\/uploads\/2014\/10\/DSC_0640.jpg","type":"image\/jpeg"}],"twitter_misc":{"Gesch\u00e4tzte Lesezeit":"2\u00a0Minuten"},"schema":{"@context":"https:\/\/schema.org","@graph":[{"@type":"WebPage","@id":"http:\/\/semesterstuga.de\/?page_id=20","url":"http:\/\/semesterstuga.de\/?page_id=20","name":"Mietkonditionen - Semester i Sverige","isPartOf":{"@id":"http:\/\/semesterstuga.de\/#website"},"primaryImageOfPage":{"@id":"http:\/\/semesterstuga.de\/?page_id=20#primaryimage"},"image":{"@id":"http:\/\/semesterstuga.de\/?page_id=20#primaryimage"},"thumbnailUrl":"http:\/\/semesterstuga.de\/wp-content\/uploads\/2014\/10\/DSC_0640.jpg","datePublished":"2014-10-06T17:25:55+00:00","dateModified":"2025-12-30T19:22:15+00:00","breadcrumb":{"@id":"http:\/\/semesterstuga.de\/?page_id=20#breadcrumb"},"inLanguage":"de","potentialAction":[{"@type":"ReadAction","target":["http:\/\/semesterstuga.de\/?page_id=20"]}]},{"@type":"ImageObject","inLanguage":"de","@id":"http:\/\/semesterstuga.de\/?page_id=20#primaryimage","url":"http:\/\/semesterstuga.de\/wp-content\/uploads\/2014\/10\/DSC_0640.jpg","contentUrl":"http:\/\/semesterstuga.de\/wp-content\/uploads\/2014\/10\/DSC_0640.jpg","width":968,"height":648},{"@type":"BreadcrumbList","@id":"http:\/\/semesterstuga.de\/?page_id=20#breadcrumb","itemListElement":[{"@type":"ListItem","position":1,"name":"Home","item":"http:\/\/semesterstuga.de\/"},{"@type":"ListItem","position":2,"name":"Mietkonditionen"}]},{"@type":"WebSite","@id":"http:\/\/semesterstuga.de\/#website","url":"http:\/\/semesterstuga.de\/","name":"Semester i Sverige","description":"Urlaub in Schweden","potentialAction":[{"@type":"SearchAction","target":{"@type":"EntryPoint","urlTemplate":"http:\/\/semesterstuga.de\/?s={search_term_string}"},"query-input":{"@type":"PropertyValueSpecification","valueRequired":true,"valueName":"search_term_string"}}],"inLanguage":"de"}]}},"_links":{"self":[{"href":"http:\/\/semesterstuga.de\/index.php?rest_route=\/wp\/v2\/pages\/20","targetHints":{"allow":["GET"]}}],"collection":[{"href":"http:\/\/semesterstuga.de\/index.php?rest_route=\/wp\/v2\/pages"}],"about":[{"href":"http:\/\/semesterstuga.de\/index.php?rest_route=\/wp\/v2\/types\/page"}],"author":[{"embeddable":true,"href":"http:\/\/semesterstuga.de\/index.php?rest_route=\/wp\/v2\/users\/1"}],"replies":[{"embeddable":true,"href":"http:\/\/semesterstuga.de\/index.php?rest_route=%2Fwp%2Fv2%2Fcomments&post=20"}],"version-history":[{"count":25,"href":"http:\/\/semesterstuga.de\/index.php?rest_route=\/wp\/v2\/pages\/20\/revisions"}],"predecessor-version":[{"id":1316,"href":"http:\/\/semesterstuga.de\/index.php?rest_route=\/wp\/v2\/pages\/20\/revisions\/1316"}],"wp:featuredmedia":[{"embeddable":true,"href":"http:\/\/semesterstuga.de\/index.php?rest_route=\/wp\/v2\/media\/305"}],"wp:attachment":[{"href":"http:\/\/semesterstuga.de\/index.php?rest_route=%2Fwp%2Fv2%2Fmedia&parent=20"}],"curies":[{"name":"wp","href":"https:\/\/api.w.org\/{rel}","templated":true}]}}