{"id":370,"date":"2015-01-20T20:34:16","date_gmt":"2015-01-20T19:34:16","guid":{"rendered":"http:\/\/semesterstuga.de\/?page_id=370"},"modified":"2022-10-28T08:56:47","modified_gmt":"2022-10-28T06:56:47","slug":"widerrufsbelehrung","status":"publish","type":"page","link":"http:\/\/semesterstuga.de\/?page_id=370","title":{"rendered":"Widerrufsbelehrung"},"content":{"rendered":"<p>Verbraucher ist jede nat\u00fcrliche Person, die ein Rechtsgesch\u00e4ft zu Zwecken abschlie\u00dft, die \u00fcberwiegend weder ihrer gewerblichen noch ihrer selbst\u00e4ndigen beruflichen T\u00e4tigkeit zugerechnet werden k\u00f6nnen.<\/p>\n<p><strong>Widerrufsrecht<\/strong><br \/>\nSie haben das Recht, binnen vierzehn Tagen ohne Angabe von Gr\u00fcnden diesen Mietvertrag (Buchung) zu widerrufen. Die Widerrufsfrist betr\u00e4gt vierzehn Tage ab dem Tag des Vertragsschlusses. Um Ihr Widerrufsrecht auszu\u00fcben, m\u00fcssen Sie mir (Herr Sebastian Ballendat, Heinrich-Osterath-Stra\u00dfe 141, DE 210 37 Hamburg, Tel. +49(0)40\/25482756, Fax +49(0)40\/60089043, eMail-Adresse: hyra@semesterstuga.se) mittels einer eindeutigen Erkl\u00e4rung (z.B. ein mit der Post versandter Brief, Telefax oder eMail) \u00fcber Ihren Entschluss, diesen Vertrag zu widerrufen, informieren. Sie k\u00f6nnen daf\u00fcr das untenstehende Muster-Widerrufsformular verwenden, das jedoch nicht vorgeschrieben ist. Zur Wahrung der Widerrufsfrist reicht es aus, dass Sie die Mitteilung \u00fcber die Aus\u00fcbung des Widerrufsrechts vor Ablauf der Widerrufsfrist absenden.<\/p>\n<p><strong>Folgen des Widerrufs<br \/>\n<\/strong>Wenn Sie den Vertrag widerrufen, habe ich Ihnen alle Zahlungen, die ich von Ihnen erhalten habe unverz\u00fcglich und sp\u00e4testens binnen vierzehn Tagen ab dem Tag zur\u00fcckzuzahlen, an dem die Mitteilung \u00fcber Ihren Widerruf dieses Vertrags bei mir eingegangen ist. F\u00fcr diese R\u00fcckzahlung verwende ich dasselbe Zahlungsmittel, das Sie bei der urspr\u00fcnglichen Transaktion eingesetzt haben, es sei denn, mit Ihnen wurde ausdr\u00fccklich etwas anderes vereinbart; in keinem Fall werden Ihnen wegen dieser R\u00fcckzahlung Entgelte berechnet.<\/p>\n<p>Im Falle eines rechtskr\u00e4ftigen Widerrufs wird die vorl\u00e4ufige Buchung mit sofortiger Wirkung storniert.<\/p>\n<p>Haben Sie verlangt, dass die Dienstleistungen w\u00e4hrend der Widerrufsfrist beginnen sollen, so haben Sie mir einen Wertersatz f\u00fcr die bis zum Widerruf erbrachte Leistung zu zahlen, der dem Anteil der bis zu dem Zeitpunkt, zu dem Sie mir von der Aus\u00fcbung des Widerrufsrechts hinsichtlich dieses Vertrags unterrichten, bereits erbrachten Dienstleistungen im Vergleich zum Gesamtumfang der im Vertrag vorgesehenen Dienstleistungen entspricht.<\/p>\n<p>&nbsp;<\/p>\n<p>____________________________________________________________________________<\/p>\n<p><strong>Muster-Widerrufsformular<\/strong><\/p>\n<p>(Wenn Sie den Vertrag widerrufen wollen, dann f\u00fcllen Sie bitte dieses Formular aus und senden Sie es zur\u00fcck.)<\/p>\n<p>An<br \/>\nHerr Sebastian Ballendat<br \/>\nHeinrich-Osterath-Stra\u00dfe 141<br \/>\nDE 210 37 Hamburg<br \/>\n+49(0)40\/60089043<br \/>\nE-Mail-Adresse: hyra@semesterstuga.se:<\/p>\n<p>Hiermit widerrufe(n) ich\/wir (*) den von mir\/uns (*) abgeschlossenen Vertrag \u00fcber die Erbringung der folgenden Dienstleistung<br \/>\n&#8211; Mietvertrag Ferienhaus \u00d6rs\u00e5s, Schweden<\/p>\n<p>Bestellt am ___.___.20___<\/p>\n<p>Name des\/der Vertragspartner(s)<\/p>\n<p>__________________________________________<br \/>\nAnschrift des\/der Vertragspartner(s)<\/p>\n<p>__________________________________________________________________<br \/>\nUnterschrift des\/der Verbraucher(s) (nur bei Mitteilung auf Papier)<\/p>\n<p>Datum ___.___.20___\u00a0\u00a0\u00a0\u00a0\u00a0\u00a0\u00a0 ________________________<\/p>\n<p>&#8212;&#8212;&#8212;&#8212;&#8212;&#8212;&#8212;&#8212;&#8212;&#8212;&#8212;&#8212;&#8212;<br \/>\n<em>(*) Unzutreffendes streichen.<\/em><\/p>\n<p>____________________________________________________________________________<\/p>\n<p>Quelle: <em><a title=\"ra-plutte.de\/\" href=\"http:\/\/www.ra-plutte.de\/\" target=\"_blank\" rel=\"noopener noreferrer\">Widerrufsbelehrungs-Generator von Rechtsanwalt Niklas Plutte<\/a><\/em><\/p>\n","protected":false},"excerpt":{"rendered":"<p>Verbraucher ist jede nat\u00fcrliche Person, die ein Rechtsgesch\u00e4ft zu Zwecken abschlie\u00dft, die \u00fcberwiegend weder ihrer gewerblichen noch ihrer selbst\u00e4ndigen beruflichen T\u00e4tigkeit zugerechnet werden k\u00f6nnen. Widerrufsrecht Sie haben das Recht, binnen vierzehn Tagen ohne Angabe von Gr\u00fcnden diesen Mietvertrag (Buchung) zu widerrufen. Die Widerrufsfrist betr\u00e4gt vierzehn Tage ab dem Tag des Vertragsschlusses. Um Ihr Widerrufsrecht auszu\u00fcben,&hellip;<\/p>\n","protected":false},"author":1,"featured_media":0,"parent":0,"menu_order":0,"comment_status":"closed","ping_status":"closed","template":"","meta":{"footnotes":""},"class_list":["post-370","page","type-page","status-publish","hentry"],"yoast_head":"<!-- This site is optimized with the Yoast SEO plugin v26.6 - https:\/\/yoast.com\/wordpress\/plugins\/seo\/ -->\n<title>Widerrufsbelehrung - Semester i Sverige<\/title>\n<meta name=\"robots\" content=\"index, follow, max-snippet:-1, max-image-preview:large, max-video-preview:-1\" \/>\n<link rel=\"canonical\" href=\"http:\/\/semesterstuga.de\/?page_id=370\" \/>\n<meta property=\"og:locale\" content=\"de_DE\" \/>\n<meta property=\"og:type\" content=\"article\" \/>\n<meta property=\"og:title\" content=\"Widerrufsbelehrung - Semester i Sverige\" \/>\n<meta property=\"og:description\" content=\"Verbraucher ist jede nat\u00fcrliche Person, die ein Rechtsgesch\u00e4ft zu Zwecken abschlie\u00dft, die \u00fcberwiegend weder ihrer gewerblichen noch ihrer selbst\u00e4ndigen beruflichen T\u00e4tigkeit zugerechnet werden k\u00f6nnen. Widerrufsrecht Sie haben das Recht, binnen vierzehn Tagen ohne Angabe von Gr\u00fcnden diesen Mietvertrag (Buchung) zu widerrufen. Die Widerrufsfrist betr\u00e4gt vierzehn Tage ab dem Tag des Vertragsschlusses. Um Ihr Widerrufsrecht auszu\u00fcben,&hellip;\" \/>\n<meta property=\"og:url\" content=\"http:\/\/semesterstuga.de\/?page_id=370\" \/>\n<meta property=\"og:site_name\" content=\"Semester i Sverige\" \/>\n<meta property=\"article:publisher\" content=\"http:\/\/facebook.se\/semesterstuga\" \/>\n<meta property=\"article:modified_time\" content=\"2022-10-28T06:56:47+00:00\" \/>\n<meta name=\"twitter:label1\" content=\"Gesch\u00e4tzte Lesezeit\" \/>\n\t<meta name=\"twitter:data1\" content=\"2\u00a0Minuten\" \/>\n<script type=\"application\/ld+json\" class=\"yoast-schema-graph\">{\"@context\":\"https:\/\/schema.org\",\"@graph\":[{\"@type\":\"WebPage\",\"@id\":\"http:\/\/semesterstuga.de\/?page_id=370\",\"url\":\"http:\/\/semesterstuga.de\/?page_id=370\",\"name\":\"Widerrufsbelehrung - Semester i Sverige\",\"isPartOf\":{\"@id\":\"http:\/\/semesterstuga.de\/#website\"},\"datePublished\":\"2015-01-20T19:34:16+00:00\",\"dateModified\":\"2022-10-28T06:56:47+00:00\",\"breadcrumb\":{\"@id\":\"http:\/\/semesterstuga.de\/?page_id=370#breadcrumb\"},\"inLanguage\":\"de\",\"potentialAction\":[{\"@type\":\"ReadAction\",\"target\":[\"http:\/\/semesterstuga.de\/?page_id=370\"]}]},{\"@type\":\"BreadcrumbList\",\"@id\":\"http:\/\/semesterstuga.de\/?page_id=370#breadcrumb\",\"itemListElement\":[{\"@type\":\"ListItem\",\"position\":1,\"name\":\"Home\",\"item\":\"http:\/\/semesterstuga.de\/\"},{\"@type\":\"ListItem\",\"position\":2,\"name\":\"Widerrufsbelehrung\"}]},{\"@type\":\"WebSite\",\"@id\":\"http:\/\/semesterstuga.de\/#website\",\"url\":\"http:\/\/semesterstuga.de\/\",\"name\":\"Semester i Sverige\",\"description\":\"Urlaub in Schweden\",\"potentialAction\":[{\"@type\":\"SearchAction\",\"target\":{\"@type\":\"EntryPoint\",\"urlTemplate\":\"http:\/\/semesterstuga.de\/?s={search_term_string}\"},\"query-input\":{\"@type\":\"PropertyValueSpecification\",\"valueRequired\":true,\"valueName\":\"search_term_string\"}}],\"inLanguage\":\"de\"}]}<\/script>\n<!-- \/ Yoast SEO plugin. -->","yoast_head_json":{"title":"Widerrufsbelehrung - Semester i Sverige","robots":{"index":"index","follow":"follow","max-snippet":"max-snippet:-1","max-image-preview":"max-image-preview:large","max-video-preview":"max-video-preview:-1"},"canonical":"http:\/\/semesterstuga.de\/?page_id=370","og_locale":"de_DE","og_type":"article","og_title":"Widerrufsbelehrung - Semester i Sverige","og_description":"Verbraucher ist jede nat\u00fcrliche Person, die ein Rechtsgesch\u00e4ft zu Zwecken abschlie\u00dft, die \u00fcberwiegend weder ihrer gewerblichen noch ihrer selbst\u00e4ndigen beruflichen T\u00e4tigkeit zugerechnet werden k\u00f6nnen. Widerrufsrecht Sie haben das Recht, binnen vierzehn Tagen ohne Angabe von Gr\u00fcnden diesen Mietvertrag (Buchung) zu widerrufen. Die Widerrufsfrist betr\u00e4gt vierzehn Tage ab dem Tag des Vertragsschlusses. Um Ihr Widerrufsrecht auszu\u00fcben,&hellip;","og_url":"http:\/\/semesterstuga.de\/?page_id=370","og_site_name":"Semester i Sverige","article_publisher":"http:\/\/facebook.se\/semesterstuga","article_modified_time":"2022-10-28T06:56:47+00:00","twitter_misc":{"Gesch\u00e4tzte Lesezeit":"2\u00a0Minuten"},"schema":{"@context":"https:\/\/schema.org","@graph":[{"@type":"WebPage","@id":"http:\/\/semesterstuga.de\/?page_id=370","url":"http:\/\/semesterstuga.de\/?page_id=370","name":"Widerrufsbelehrung - Semester i Sverige","isPartOf":{"@id":"http:\/\/semesterstuga.de\/#website"},"datePublished":"2015-01-20T19:34:16+00:00","dateModified":"2022-10-28T06:56:47+00:00","breadcrumb":{"@id":"http:\/\/semesterstuga.de\/?page_id=370#breadcrumb"},"inLanguage":"de","potentialAction":[{"@type":"ReadAction","target":["http:\/\/semesterstuga.de\/?page_id=370"]}]},{"@type":"BreadcrumbList","@id":"http:\/\/semesterstuga.de\/?page_id=370#breadcrumb","itemListElement":[{"@type":"ListItem","position":1,"name":"Home","item":"http:\/\/semesterstuga.de\/"},{"@type":"ListItem","position":2,"name":"Widerrufsbelehrung"}]},{"@type":"WebSite","@id":"http:\/\/semesterstuga.de\/#website","url":"http:\/\/semesterstuga.de\/","name":"Semester i Sverige","description":"Urlaub in Schweden","potentialAction":[{"@type":"SearchAction","target":{"@type":"EntryPoint","urlTemplate":"http:\/\/semesterstuga.de\/?s={search_term_string}"},"query-input":{"@type":"PropertyValueSpecification","valueRequired":true,"valueName":"search_term_string"}}],"inLanguage":"de"}]}},"_links":{"self":[{"href":"http:\/\/semesterstuga.de\/index.php?rest_route=\/wp\/v2\/pages\/370","targetHints":{"allow":["GET"]}}],"collection":[{"href":"http:\/\/semesterstuga.de\/index.php?rest_route=\/wp\/v2\/pages"}],"about":[{"href":"http:\/\/semesterstuga.de\/index.php?rest_route=\/wp\/v2\/types\/page"}],"author":[{"embeddable":true,"href":"http:\/\/semesterstuga.de\/index.php?rest_route=\/wp\/v2\/users\/1"}],"replies":[{"embeddable":true,"href":"http:\/\/semesterstuga.de\/index.php?rest_route=%2Fwp%2Fv2%2Fcomments&post=370"}],"version-history":[{"count":10,"href":"http:\/\/semesterstuga.de\/index.php?rest_route=\/wp\/v2\/pages\/370\/revisions"}],"predecessor-version":[{"id":1222,"href":"http:\/\/semesterstuga.de\/index.php?rest_route=\/wp\/v2\/pages\/370\/revisions\/1222"}],"wp:attachment":[{"href":"http:\/\/semesterstuga.de\/index.php?rest_route=%2Fwp%2Fv2%2Fmedia&parent=370"}],"curies":[{"name":"wp","href":"https:\/\/api.w.org\/{rel}","templated":true}]}}